{"id":1826,"date":"2022-06-23T19:02:26","date_gmt":"2022-06-23T19:02:26","guid":{"rendered":"http:\/\/www.saludadomiciliomex.com\/saludadomicilio\/?page_id=1826"},"modified":"2022-07-06T18:18:31","modified_gmt":"2022-07-06T18:18:31","slug":"esterilizacion","status":"publish","type":"page","link":"https:\/\/www.saludadomiciliomex.com\/saludadomicilio\/esterilizacion\/","title":{"rendered":"Esterilizaci\u00f3n"},"content":{"rendered":"\n<div class=\"wp-block-columns are-vertically-aligned-bottom is-layout-flex wp-container-14\">\n<div class=\"wp-block-column is-vertically-aligned-bottom is-layout-flow\" style=\"flex-basis:100%\">\n<figure class=\"wp-block-image size-full\"><img decoding=\"async\" loading=\"lazy\" width=\"1024\" height=\"683\" src=\"http:\/\/www.saludadomiciliomex.com\/saludadomicilio\/wp-content\/uploads\/2022\/07\/esteri4-2.jpg\" alt=\"\" class=\"wp-image-1890\" srcset=\"https:\/\/www.saludadomiciliomex.com\/saludadomicilio\/wp-content\/uploads\/2022\/07\/esteri4-2.jpg 1024w, https:\/\/www.saludadomiciliomex.com\/saludadomicilio\/wp-content\/uploads\/2022\/07\/esteri4-2-300x200.jpg 300w, https:\/\/www.saludadomiciliomex.com\/saludadomicilio\/wp-content\/uploads\/2022\/07\/esteri4-2-380x254.jpg 380w\" sizes=\"(max-width: 1024px) 100vw, 1024px\" \/><\/figure>\n\n\n\n<div class=\"wp-block-columns is-layout-flex wp-container-4\">\n<div class=\"wp-block-column is-layout-flow\">\n<ul><li>Instalaciones adecuadas<br><\/li><li>Controles electr\u00f3nicos<br><\/li><li>Bit\u00e1cora<br><\/li><li>Monitoreo del proceso<br><\/li><li>Protocolos de seguridad<\/li><\/ul>\n<\/div>\n\n\n\n<div class=\"wp-block-column is-vertically-aligned-center is-layout-flow\">\n<p class=\"has-text-align-center has-medium-font-size\"><strong>Esterilizaci\u00f3n por Gas<\/strong><\/p>\n\n\n\n<p class=\"has-text-align-center has-medium-font-size\"><strong>Esterilizaci\u00f3n por Vapor<\/strong><\/p>\n<\/div>\n\n\n\n<div class=\"wp-block-column is-layout-flow\">\n<p><meta charset=\"utf-8\">Dimensiones de c\u00e1mara por carga de \u00e1rea \u00fatil.  <\/p>\n\n\n\n<p>60 cm x 60 cm x 60 cm<\/p>\n\n\n\n<p><meta charset=\"utf-8\">Precios vigentes al 6 de julio de 2022.<br><\/p>\n<\/div>\n<\/div>\n\n\n\n<div class=\"wp-block-columns is-layout-flex wp-container-8\">\n<div class=\"wp-block-column is-layout-flow\">\n<figure class=\"wp-block-image size-full is-style-default\"><img decoding=\"async\" loading=\"lazy\" width=\"1024\" height=\"683\" src=\"http:\/\/www.saludadomiciliomex.com\/saludadomicilio\/wp-content\/uploads\/2022\/07\/esteri.jpg\" alt=\"\" class=\"wp-image-1876\" srcset=\"https:\/\/www.saludadomiciliomex.com\/saludadomicilio\/wp-content\/uploads\/2022\/07\/esteri.jpg 1024w, https:\/\/www.saludadomiciliomex.com\/saludadomicilio\/wp-content\/uploads\/2022\/07\/esteri-300x200.jpg 300w, https:\/\/www.saludadomiciliomex.com\/saludadomicilio\/wp-content\/uploads\/2022\/07\/esteri-380x254.jpg 380w\" sizes=\"(max-width: 1024px) 100vw, 1024px\" \/><\/figure>\n<\/div>\n\n\n\n<div class=\"wp-block-column is-layout-flow\">\n<figure class=\"wp-block-image size-full\"><img decoding=\"async\" loading=\"lazy\" width=\"1024\" height=\"683\" src=\"http:\/\/www.saludadomiciliomex.com\/saludadomicilio\/wp-content\/uploads\/2022\/07\/esteri2.jpg\" alt=\"\" class=\"wp-image-1878\" srcset=\"https:\/\/www.saludadomiciliomex.com\/saludadomicilio\/wp-content\/uploads\/2022\/07\/esteri2.jpg 1024w, https:\/\/www.saludadomiciliomex.com\/saludadomicilio\/wp-content\/uploads\/2022\/07\/esteri2-300x200.jpg 300w, https:\/\/www.saludadomiciliomex.com\/saludadomicilio\/wp-content\/uploads\/2022\/07\/esteri2-380x254.jpg 380w\" sizes=\"(max-width: 1024px) 100vw, 1024px\" \/><\/figure>\n<\/div>\n\n\n\n<div class=\"wp-block-column is-layout-flow\">\n<figure class=\"wp-block-image size-full\"><img decoding=\"async\" loading=\"lazy\" width=\"1024\" height=\"683\" src=\"http:\/\/www.saludadomiciliomex.com\/saludadomicilio\/wp-content\/uploads\/2022\/07\/esteri3-1.jpg\" alt=\"\" class=\"wp-image-1881\" srcset=\"https:\/\/www.saludadomiciliomex.com\/saludadomicilio\/wp-content\/uploads\/2022\/07\/esteri3-1.jpg 1024w, https:\/\/www.saludadomiciliomex.com\/saludadomicilio\/wp-content\/uploads\/2022\/07\/esteri3-1-300x200.jpg 300w, https:\/\/www.saludadomiciliomex.com\/saludadomicilio\/wp-content\/uploads\/2022\/07\/esteri3-1-380x254.jpg 380w\" sizes=\"(max-width: 1024px) 100vw, 1024px\" \/><\/figure>\n<\/div>\n<\/div>\n\n\n\n<div class=\"wp-block-columns is-layout-flex wp-container-12\">\n<div class=\"wp-block-column is-layout-flow\">\n<p class=\"has-text-align-center\"><meta charset=\"utf-8\">ESTERILIZACION TEXTILES (MODO GUANTES )<br><\/p>\n<\/div>\n\n\n\n<div class=\"wp-block-column is-layout-flow\">\n<p class=\"has-text-align-center\"><meta charset=\"utf-8\">ESTERILIZACION MIXTA INSTRUMENTAL \/ TEXTIL<br><\/p>\n<\/div>\n\n\n\n<div class=\"wp-block-column is-layout-flow\">\n<p class=\"has-text-align-center\"><meta charset=\"utf-8\">ESTERILIZACION INSTRUMENTAL PESADO<\/p>\n<\/div>\n<\/div>\n<\/div>\n<\/div>\n","protected":false},"excerpt":{"rendered":"<p>Instalaciones adecuadas Controles electr\u00f3nicos Bit\u00e1cora Monitoreo del proceso Protocolos de seguridad Esterilizaci\u00f3n por Gas Esterilizaci\u00f3n por Vapor Dimensiones de c\u00e1mara por carga de \u00e1rea \u00fatil. 60 cm x 60 cm x 60 cm Precios vigentes al 6 de julio de 2022. ESTERILIZACION TEXTILES (MODO GUANTES ) ESTERILIZACION MIXTA INSTRUMENTAL \/ TEXTIL ESTERILIZACION INSTRUMENTAL PESADO<\/p>\n","protected":false},"author":4,"featured_media":0,"parent":0,"menu_order":0,"comment_status":"closed","ping_status":"closed","template":"","meta":{"ngg_post_thumbnail":0},"_links":{"self":[{"href":"https:\/\/www.saludadomiciliomex.com\/saludadomicilio\/wp-json\/wp\/v2\/pages\/1826"}],"collection":[{"href":"https:\/\/www.saludadomiciliomex.com\/saludadomicilio\/wp-json\/wp\/v2\/pages"}],"about":[{"href":"https:\/\/www.saludadomiciliomex.com\/saludadomicilio\/wp-json\/wp\/v2\/types\/page"}],"author":[{"embeddable":true,"href":"https:\/\/www.saludadomiciliomex.com\/saludadomicilio\/wp-json\/wp\/v2\/users\/4"}],"replies":[{"embeddable":true,"href":"https:\/\/www.saludadomiciliomex.com\/saludadomicilio\/wp-json\/wp\/v2\/comments?post=1826"}],"version-history":[{"count":13,"href":"https:\/\/www.saludadomiciliomex.com\/saludadomicilio\/wp-json\/wp\/v2\/pages\/1826\/revisions"}],"predecessor-version":[{"id":1897,"href":"https:\/\/www.saludadomiciliomex.com\/saludadomicilio\/wp-json\/wp\/v2\/pages\/1826\/revisions\/1897"}],"wp:attachment":[{"href":"https:\/\/www.saludadomiciliomex.com\/saludadomicilio\/wp-json\/wp\/v2\/media?parent=1826"}],"curies":[{"name":"wp","href":"https:\/\/api.w.org\/{rel}","templated":true}]}}